{"id":97,"date":"2026-03-16T18:59:46","date_gmt":"2026-03-16T18:59:46","guid":{"rendered":"https:\/\/botniacontent.fi\/?page_id=97"},"modified":"2026-03-16T18:59:46","modified_gmt":"2026-03-16T18:59:46","slug":"syns-du-nar-kunderna-fragar-chatgpt","status":"publish","type":"page","link":"https:\/\/botniacontent.fi\/index.php\/syns-du-nar-kunderna-fragar-chatgpt\/","title":{"rendered":"Syns du n\u00e4r kunderna fr\u00e5gar ChatGPT?"},"content":{"rendered":"\n<div class=\"wp-block-group alignfull is-content-justification-center is-layout-constrained wp-block-group-is-layout-constrained\" style=\"margin-top:0;margin-bottom:0\">\n<div style=\"height:var(--wp--preset--spacing--20)\" aria-hidden=\"true\" class=\"wp-block-spacer\"><\/div>\n\n\n\n<div class=\"wp-block-group alignwide is-layout-constrained wp-block-group-is-layout-constrained\">\n<div class=\"wp-block-columns alignwide are-vertically-aligned-top is-layout-flex wp-container-core-columns-is-layout-5c8fb865 wp-block-columns-is-layout-flex\">\n<div class=\"wp-block-column is-vertically-aligned-top is-content-justification-left is-layout-constrained wp-container-core-column-is-layout-95996b15 wp-block-column-is-layout-constrained\">\n<h2 class=\"wp-block-heading\">D\u00e4rf\u00f6r \u00e4r AI-optimering framtidens s\u00e4ljkanal<\/h2>\n<\/div>\n\n\n\n<div class=\"wp-block-column is-vertically-aligned-top is-layout-flow wp-block-column-is-layout-flow\" style=\"flex-basis:40%\">\n<p>Spelreglerna f\u00f6r hur vi hittar f\u00f6retag p\u00e5 n\u00e4tet har ritats om. Idag knappar folk inte bara in korta s\u00f6kord p\u00e5 Google \u2013 de st\u00e4ller komplexa fr\u00e5gor till smarta AI-assistenter som ChatGPT och Googles nya AI-funktioner. Om din hemsida inte \u00e4r byggd f\u00f6r att svara p\u00e5 dessa fr\u00e5gor, kommer AI:n att rekommendera din konkurrent ist\u00e4llet.<\/p>\n\n\n\n<div class=\"wp-block-buttons is-layout-flex wp-block-buttons-is-layout-flex\">\n<div class=\"wp-block-button\"><a class=\"wp-block-button__link wp-element-button\" href=\"https:\/\/botniacontent.fi\/index.php\/lat-oss-prata-affarer\/\">L\u00e5t oss hj\u00e4lpa dig<\/a><\/div>\n<\/div>\n<\/div>\n<\/div>\n\n\n\n<div style=\"height:var(--wp--preset--spacing--20)\" aria-hidden=\"true\" class=\"wp-block-spacer\"><\/div>\n\n\n\n<figure class=\"wp-block-image size-large\"><img loading=\"lazy\" decoding=\"async\" width=\"1024\" height=\"559\" src=\"http:\/\/botniacontent.fi\/wp-content\/uploads\/2026\/03\/SEO-QA-1024x559.png\" alt=\"seo qa\" class=\"wp-image-98\" style=\"aspect-ratio:16\/9;object-fit:cover\" title=\"Syns du n\u00e4r kunderna fr\u00e5gar ChatGPT?\" srcset=\"https:\/\/botniacontent.fi\/wp-content\/uploads\/2026\/03\/SEO-QA-1024x559.png 1024w, https:\/\/botniacontent.fi\/wp-content\/uploads\/2026\/03\/SEO-QA-300x164.png 300w, https:\/\/botniacontent.fi\/wp-content\/uploads\/2026\/03\/SEO-QA-768x419.png 768w, https:\/\/botniacontent.fi\/wp-content\/uploads\/2026\/03\/SEO-QA-1536x838.png 1536w, https:\/\/botniacontent.fi\/wp-content\/uploads\/2026\/03\/SEO-QA-2048x1117.png 2048w\" sizes=\"auto, (max-width: 1024px) 100vw, 1024px\" \/><\/figure>\n<\/div>\n\n\n\n<div style=\"height:var(--wp--preset--spacing--20)\" aria-hidden=\"true\" class=\"wp-block-spacer\"><\/div>\n<\/div>\n\n\n\n<h2 class=\"wp-block-heading has-text-align-center\" style=\"font-size:38px;line-height:1.4\"><strong>Varf\u00f6r \u00e4r l\u00f6pande inneh\u00e5ll s\u00e5 viktigt?<\/strong><\/h2>\n\n\n\n<div class=\"wp-block-columns is-layout-flex wp-container-core-columns-is-layout-28f84493 wp-block-columns-is-layout-flex\">\n<div class=\"wp-block-column is-layout-flow wp-block-column-is-layout-flow\">\n<p style=\"font-size:18px\">Traditionell s\u00f6kmotoroptimering (SEO) handlade om att str\u00f6 in r\u00e4tt s\u00f6kord i en text. Men artificiell intelligens l\u00e4ser inte hemsidor p\u00e5 det s\u00e4ttet. F\u00f6r att en AI ska plocka upp just&nbsp;<em>ditt<\/em>&nbsp;f\u00f6retag och presentera dig som den b\u00e4sta l\u00f6sningen f\u00f6r en potentiell kund, kr\u00e4vs en helt annan struktur. Vi kallar det AI-anpassning.<\/p>\n\n\n\n<p style=\"font-size:18px\"><strong><em>Teknisk formatering och tydliga Fr\u00e5gor &amp; Svar (FAQ) \u00e4r nyckeln till att vinna framtidens kunder.<\/em><\/strong><\/p>\n<\/div>\n\n\n\n<div class=\"wp-block-column is-layout-flow wp-block-column-is-layout-flow\">\n<h4 class=\"wp-block-heading\">Varf\u00f6r r\u00e4cker det inte med vanliga texter l\u00e4ngre?<\/h4>\n\n\n\n<p>N\u00e4r en kund fr\u00e5gar sin telefon eller dator:&nbsp;<em>&#8220;Vad kostar det att byta ett 100 kvadratmeter stort pl\u00e5ttak i Vasa och vem har b\u00e4st omd\u00f6men?&#8221;<\/em>, g\u00e5r AI:n ut p\u00e5 n\u00e4tet f\u00f6r att hitta det mest direkta och p\u00e5litliga svaret.<\/p>\n\n\n\n<ul class=\"wp-block-list\">\n<li><strong>AI hatar svammel:<\/strong>\u00a0En AI-modell letar efter kristallklara fakta. Om din hemsida best\u00e5r av l\u00e5nga, ostrukturerade s\u00e4ljtexter kommer AI:n inte att orka tolka dem. Den g\u00e5r vidare till n\u00e4sta sida.<\/li>\n\n\n\n<li><strong>AI \u00e4lskar struktur:<\/strong>\u00a0AI-modeller \u00e4r tr\u00e4nade p\u00e5 att leta efter specifika m\u00f6nster, framf\u00f6r allt Fr\u00e5ga-Svar-format och punktlistor.<\/li>\n\n\n\n<li><strong>Den som ger b\u00e4st svar vinner aff\u00e4ren:<\/strong>\u00a0Om din hemsida ger AI:n exakt den information den letar efter, kommer din firma att citeras som &#8220;experten&#8221; direkt i anv\u00e4ndarens sk\u00e4rm. Du g\u00e5r fr\u00e5n att vara ett av tio s\u00f6kresultat till att vara det\u00a0<em>enda<\/em>\u00a0rekommenderade valet.<\/li>\n<\/ul>\n<\/div>\n<\/div>\n\n\n\n<div class=\"wp-block-group alignfull has-text-color has-background is-layout-flow wp-block-group-is-layout-flow\" style=\"color:#000000;background-color:#ffffff\">\n<div style=\"height:64px\" aria-hidden=\"true\" class=\"wp-block-spacer\"><\/div>\n\n\n\n<p class=\"has-text-align-center has-small-font-size\" style=\"line-height:.9\"><strong>DITT N\u00c4STA STEG<\/strong><\/p>\n\n\n\n<h2 class=\"wp-block-heading has-text-align-center\" id=\"schedule-a-visit\" style=\"font-size:59px;line-height:1.15\"><strong>Be om en offert<\/strong><\/h2>\n\n\n\n<div class=\"wp-block-buttons is-horizontal is-content-justification-center is-layout-flex wp-container-core-buttons-is-layout-03627597 wp-block-buttons-is-layout-flex\">\n<div class=\"wp-block-button has-custom-width wp-block-button__width-50\"><a class=\"wp-block-button__link has-text-color has-background wp-element-button\" href=\"https:\/\/botniacontent.fi\/index.php\/lat-oss-prata-affarer\/\" style=\"border-radius:50px;color:#ffffff;background-color:#000000\">Kontakta oss<\/a><\/div>\n<\/div>\n\n\n\n<div style=\"height:64px\" aria-hidden=\"true\" class=\"wp-block-spacer\"><\/div>\n<\/div>\n\n\n\n<div class=\"wp-block-cover alignfull has-parallax\" style=\"min-height:457px;aspect-ratio:unset;\"><div class=\"wp-block-cover__image-background wp-image-77 has-parallax\" style=\"background-position:50% 50%;background-image:url(https:\/\/botniacontent.fi\/wp-content\/uploads\/2026\/03\/art-01.jpg)\"><\/div><span aria-hidden=\"true\" class=\"wp-block-cover__background has-background-dim-40 has-background-dim\" style=\"background-color:#000000\"><\/span><div class=\"wp-block-cover__inner-container is-layout-flow wp-block-cover-is-layout-flow\">\n<h2 class=\"wp-block-heading alignwide has-white-color has-text-color\" style=\"font-size:48px;line-height:1.2\"><strong>Hur Botnia Content AI-anpassar din n\u00e4rvaro<\/strong><\/h2>\n\n\n\n<div class=\"wp-block-columns alignwide is-layout-flex wp-container-core-columns-is-layout-28f84493 wp-block-columns-is-layout-flex\">\n<div class=\"wp-block-column is-layout-flow wp-block-column-is-layout-flow\" style=\"flex-basis:60%\">\n<p class=\"has-text-color\" style=\"color:#ffffff\"><\/p>\n<\/div>\n\n\n\n<div class=\"wp-block-column is-layout-flow wp-block-column-is-layout-flow\"><\/div>\n<\/div>\n<\/div><\/div>\n\n\n\n<div class=\"wp-block-group alignfull has-background is-layout-flow wp-block-group-is-layout-flow\" style=\"background-color:#f2f0e9\">\n<div class=\"wp-block-columns alignwide is-layout-flex wp-container-core-columns-is-layout-28f84493 wp-block-columns-is-layout-flex\">\n<div class=\"wp-block-column is-layout-flow wp-block-column-is-layout-flow\">\n<div class=\"wp-block-uagb-advanced-heading uagb-block-9b89563f\"><h4 class=\"uagb-heading-text\"><strong>Strategiska FAQ-sektioner<\/strong><\/h4><\/div>\n\n\n\n<p class=\"has-ast-global-color-8-color has-text-color has-link-color wp-elements-0e676421f5724e71737c10fe31d2395c\">Vi bygger in dynamiska Fr\u00e5gor &amp; Svar p\u00e5 dina tj\u00e4nstesidor baserat p\u00e5 vad dina kunder faktiskt fr\u00e5gar n\u00e4tet. Vi ger AI:n f\u00e4rdigtuggade svar att plocka upp.<\/p>\n<\/div>\n\n\n\n<div class=\"wp-block-column is-layout-flow wp-block-column-is-layout-flow\">\n<div class=\"wp-block-uagb-advanced-heading uagb-block-9a90fc20\"><h4 class=\"uagb-heading-text\">Strukturerad data (Schema Markup)<\/h4><\/div>\n\n\n\n<p class=\"has-text-color has-extra-small-font-size\" style=\"color:#000000\">Vi rekommenderar att du anv\u00e4nder strukturerad data. Denna kod fungerar som en direkt\u00f6vers\u00e4ttning f\u00f6r AI-modeller och ber\u00e4ttar exakt vad du s\u00e4ljer, var du \u00e4r verksam, vad dina tj\u00e4nster kostar och vilka recensioner du har.<\/p>\n<\/div>\n\n\n\n<div class=\"wp-block-column is-layout-flow wp-block-column-is-layout-flow\">\n<div class=\"wp-block-uagb-advanced-heading uagb-block-382df1aa\"><h4 class=\"uagb-heading-text\"><strong>Informationst\u00e4thet &amp; Formatering<\/strong><\/h4><\/div>\n\n\n\n<p class=\"has-text-color has-extra-small-font-size\" style=\"color:#000000\">Vi st\u00e4dar bort fluff och formaterar dina texter med tydliga underrubriker, listor och tabeller som g\u00f6r det extremt enkelt f\u00f6r en AI att skrapa och f\u00f6rst\u00e5 ditt inneh\u00e5ll p\u00e5 millisekunder.<\/p>\n<\/div>\n<\/div>\n<\/div>\n\n\n\n<div style=\"height:38px\" aria-hidden=\"true\" class=\"wp-block-spacer\"><\/div>\n\n\n\n<div class=\"wp-block-media-text is-stacked-on-mobile\"><figure class=\"wp-block-media-text__media\"><img loading=\"lazy\" decoding=\"async\" width=\"1024\" height=\"1024\" src=\"https:\/\/botniacontent.fi\/wp-content\/uploads\/2026\/03\/SEO-growth-square-1024x1024.png\" alt=\"seo growth square\" class=\"wp-image-73 size-full\" title=\"Syns du n\u00e4r kunderna fr\u00e5gar ChatGPT?\" srcset=\"https:\/\/botniacontent.fi\/wp-content\/uploads\/2026\/03\/SEO-growth-square-1024x1024.png 1024w, https:\/\/botniacontent.fi\/wp-content\/uploads\/2026\/03\/SEO-growth-square-300x300.png 300w, https:\/\/botniacontent.fi\/wp-content\/uploads\/2026\/03\/SEO-growth-square-150x150.png 150w, https:\/\/botniacontent.fi\/wp-content\/uploads\/2026\/03\/SEO-growth-square-768x768.png 768w, https:\/\/botniacontent.fi\/wp-content\/uploads\/2026\/03\/SEO-growth-square.png 1529w\" sizes=\"auto, (max-width: 1024px) 100vw, 1024px\" \/><\/figure><div class=\"wp-block-media-text__content\">\n<div class=\"wp-block-uagb-advanced-heading uagb-block-c86c7d56\"><h3 class=\"uagb-heading-text\">Varf\u00f6r det \u00e4r v\u00e4rt investeringen?<br>(Din ROI)<\/h3><\/div>\n\n\n\n<p class=\"has-ast-global-color-8-color has-text-color has-link-color wp-elements-f5641dea8228920a50dd667ea2a1f643\">Att AI-anpassa sin hemsida idag \u00e4r som att k\u00f6pa mark i centrum innan staden har byggts f\u00e4rdigt. Det \u00e4r nu du har chansen att dra ifr\u00e5n konkurrenterna.<\/p>\n\n\n\n<ul class=\"wp-block-list\">\n<li class=\"has-ast-global-color-8-color has-text-color has-link-color wp-elements-571cd485a9ae072835e88e97427149bb\"><strong>Bli f\u00f6rst i din lokala bransch:<\/strong>\u00a095 % av dina konkurrenter i branschen vet inte ens vad AI-optimering \u00e4r. Genom att agera nu tar du positionen som det sj\u00e4lvklara valet innan de andra ens har vaknat.<\/li>\n\n\n\n<li class=\"has-ast-global-color-8-color has-text-color has-link-color wp-elements-e11cc33ad989a9bd61eb6bdf68cdf435\"><strong>H\u00f6gre kvalitet p\u00e5 leads:<\/strong>\u00a0Kunder som anv\u00e4nder AI-s\u00f6k \u00e4r ofta l\u00e4ngre fram i k\u00f6pprocessen. N\u00e4r de f\u00e5r ett tydligt, rekommenderat svar fr\u00e5n en AI om att just ditt f\u00f6retag \u00e4r b\u00e4st l\u00e4mpat f\u00f6r jobbet, \u00e4r tr\u00f6skeln f\u00f6r att be om en offert minimal.<\/li>\n\n\n\n<li class=\"has-ast-global-color-8-color has-text-color has-link-color wp-elements-7e7fb06ebc994f8de9f5cb217ae2c0d4\"><strong>Framtidss\u00e4krad marknadsf\u00f6ring:<\/strong>\u00a0S\u00e4ttet vi s\u00f6ker p\u00e5 kommer aldrig att g\u00e5 tillbaka till hur det var 2015. Genom att investera i strukturerad data och AI-v\u00e4nligt inneh\u00e5ll ser du till att din digitala n\u00e4rvaro h\u00e5ller i m\u00e5nga \u00e5r fram\u00f6ver.<\/li>\n<\/ul>\n\n\n\n<p class=\"has-ast-global-color-8-color has-text-color has-link-color wp-elements-332e7c88ff072c3f0efe89ff04cd0398\"><strong>Vill du att framtidens s\u00f6kverktyg ska rekommendera dig?<\/strong>&nbsp;Kontakta oss p\u00e5 Botnia Content, s\u00e5 ser vi till att ditt f\u00f6retag talar samma spr\u00e5k som framtidens kunder.<\/p>\n<\/div><\/div>\n\n\n\n<div style=\"height:71px\" aria-hidden=\"true\" class=\"wp-block-spacer\"><\/div>\n\n\n\n<div class=\"wp-block-group alignfull has-background-color has-white-color has-black-background-color has-text-color has-background has-link-color wp-elements-69a0800a0faedfa69377e4bda7173d34 is-vertical is-content-justification-stretch is-layout-flex wp-container-core-group-is-layout-48a3dbfb wp-block-group-is-layout-flex\" style=\"min-height:40vh;margin-top:0;margin-bottom:0;padding-top:var(--wp--preset--spacing--60);padding-right:var(--wp--preset--spacing--40);padding-bottom:var(--wp--preset--spacing--60);padding-left:var(--wp--preset--spacing--40)\">\n<div class=\"wp-block-columns alignwide has-small-font-size is-layout-flex wp-container-core-columns-is-layout-28f84493 wp-block-columns-is-layout-flex\">\n<div class=\"wp-block-column is-layout-flow wp-block-column-is-layout-flow\">\n<p class=\"has-text-align-center\"><strong>Var finns vi?<\/strong><\/p>\n\n\n\n<p class=\"has-text-align-center\">Vi \u00e4r baserade i Vasa, <br>verksamma i Norden,<br>med r\u00f6tter i \u00d6sterbotten.<br><br><br>Botnia Content \u00e4r en del av<br>Isla Aduro \u00d6B<\/p>\n\n\n\n<div style=\"height:24px\" aria-hidden=\"true\" class=\"wp-block-spacer\"><\/div>\n<\/div>\n\n\n\n<div class=\"wp-block-column is-layout-flow wp-block-column-is-layout-flow\">\n<p class=\"has-text-align-center\"><strong>Sidor<\/strong><\/p>\n\n\n<nav class=\"has-small-font-size items-justified-center is-vertical no-wrap wp-block-navigation is-content-justification-center is-nowrap is-layout-flex wp-container-core-navigation-is-layout-34a3ecb2 wp-block-navigation-is-layout-flex\" aria-label=\"Navigation\"><ul class=\"wp-block-navigation__container has-small-font-size items-justified-center is-vertical no-wrap wp-block-navigation has-small-font-size\"><li class=\"has-small-font-size wp-block-navigation-item wp-block-navigation-link\"><a class=\"wp-block-navigation-item__content\"  href=\"https:\/\/botniacontent.fi\/index.php\/tjanster\/\"><span class=\"wp-block-navigation-item__label\">Hur vi kan hj\u00e4lpa er<\/span><\/a><\/li><li class=\"has-small-font-size wp-block-navigation-item wp-block-navigation-link\"><a class=\"wp-block-navigation-item__content\"  href=\"https:\/\/botniacontent.fi\/index.php\/lat-oss-prata-affarer\/\"><span class=\"wp-block-navigation-item__label\">L\u00e5t oss prata aff\u00e4rer<\/span><\/a><\/li><li class=\"has-small-font-size wp-block-navigation-item wp-block-navigation-link\"><a class=\"wp-block-navigation-item__content\"  href=\"https:\/\/botniacontent.fi\/index.php\/sluta-gissa-vad-dina-kunder-letar-efter\/\"><span class=\"wp-block-navigation-item__label\">Sluta gissa vad dina kunder letar efter<\/span><\/a><\/li><li class=\"has-small-font-size wp-block-navigation-item wp-block-navigation-link\"><a class=\"wp-block-navigation-item__content\"  href=\"https:\/\/botniacontent.fi\/index.php\/din-hemsida-ar-inte-ett-museum\/\"><span class=\"wp-block-navigation-item__label\">Din webbsida \u00e4r inget museum<\/span><\/a><\/li><\/ul><\/nav>\n\n\n<div style=\"height:24px\" aria-hidden=\"true\" class=\"wp-block-spacer\"><\/div>\n<\/div>\n\n\n\n<div class=\"wp-block-column is-layout-flow wp-block-column-is-layout-flow\">\n<p class=\"has-text-align-center\"><strong>Kontakta oss<\/strong><\/p>\n\n\n\n<div style=\"height:24px\" aria-hidden=\"true\" class=\"wp-block-spacer\"><\/div>\n\n\n\n<p class=\"has-text-align-center\"><a href=\"mailto:hej@botniacontent.fi\">hej@botniacontent.fi<\/a><\/p>\n<\/div>\n<\/div>\n\n\n\n<div class=\"wp-block-group alignwide is-content-justification-center is-layout-flex wp-container-core-group-is-layout-c124d1c4 wp-block-group-is-layout-flex\">\n<p class=\"has-text-align-center has-small-font-size\"> Proudly powered by <a rel=\"nofollow\" href=\"https:\/\/wordpress.org\">WordPress<\/a> <\/p>\n<\/div>\n<\/div>\n\n\n\n<p><\/p>\n","protected":false},"excerpt":{"rendered":"<p>D\u00e4rf\u00f6r \u00e4r AI-optimering framtidens s\u00e4ljkanal Spelreglerna f\u00f6r hur vi hittar f\u00f6retag p\u00e5 n\u00e4tet har ritats om. Idag knappar folk inte [&hellip;]<\/p>\n","protected":false},"author":1,"featured_media":0,"parent":0,"menu_order":0,"comment_status":"closed","ping_status":"closed","template":"","meta":{"_uag_custom_page_level_css":"","site-sidebar-layout":"default","site-content-layout":"","ast-site-content-layout":"default","site-content-style":"default","site-sidebar-style":"default","ast-global-header-display":"","ast-banner-title-visibility":"","ast-main-header-display":"","ast-hfb-above-header-display":"","ast-hfb-below-header-display":"","ast-hfb-mobile-header-display":"","site-post-title":"","ast-breadcrumbs-content":"","ast-featured-img":"","footer-sml-layout":"","ast-disable-related-posts":"","theme-transparent-header-meta":"","adv-header-id-meta":"","stick-header-meta":"","header-above-stick-meta":"","header-main-stick-meta":"","header-below-stick-meta":"","astra-migrate-meta-layouts":"default","ast-page-background-enabled":"default","ast-page-background-meta":{"desktop":{"background-color":"var(--ast-global-color-5)","background-image":"","background-repeat":"repeat","background-position":"center center","background-size":"auto","background-attachment":"scroll","background-type":"","background-media":"","overlay-type":"","overlay-color":"","overlay-opacity":"","overlay-gradient":""},"tablet":{"background-color":"","background-image":"","background-repeat":"repeat","background-position":"center center","background-size":"auto","background-attachment":"scroll","background-type":"","background-media":"","overlay-type":"","overlay-color":"","overlay-opacity":"","overlay-gradient":""},"mobile":{"background-color":"","background-image":"","background-repeat":"repeat","background-position":"center center","background-size":"auto","background-attachment":"scroll","background-type":"","background-media":"","overlay-type":"","overlay-color":"","overlay-opacity":"","overlay-gradient":""}},"ast-content-background-meta":{"desktop":{"background-color":"var(--ast-global-color-4)","background-image":"","background-repeat":"repeat","background-position":"center center","background-size":"auto","background-attachment":"scroll","background-type":"","background-media":"","overlay-type":"","overlay-color":"","overlay-opacity":"","overlay-gradient":""},"tablet":{"background-color":"var(--ast-global-color-4)","background-image":"","background-repeat":"repeat","background-position":"center center","background-size":"auto","background-attachment":"scroll","background-type":"","background-media":"","overlay-type":"","overlay-color":"","overlay-opacity":"","overlay-gradient":""},"mobile":{"background-color":"var(--ast-global-color-4)","background-image":"","background-repeat":"repeat","background-position":"center center","background-size":"auto","background-attachment":"scroll","background-type":"","background-media":"","overlay-type":"","overlay-color":"","overlay-opacity":"","overlay-gradient":""}},"footnotes":""},"class_list":["post-97","page","type-page","status-publish","hentry"],"uagb_featured_image_src":{"full":false,"thumbnail":false,"medium":false,"medium_large":false,"large":false,"1536x1536":false,"2048x2048":false},"uagb_author_info":{"display_name":"admin","author_link":"https:\/\/botniacontent.fi\/index.php\/author\/admin\/"},"uagb_comment_info":0,"uagb_excerpt":"D\u00e4rf\u00f6r \u00e4r AI-optimering framtidens s\u00e4ljkanal Spelreglerna f\u00f6r hur vi hittar f\u00f6retag p\u00e5 n\u00e4tet har ritats om. Idag knappar folk inte [&hellip;]","_links":{"self":[{"href":"https:\/\/botniacontent.fi\/index.php\/wp-json\/wp\/v2\/pages\/97","targetHints":{"allow":["GET"]}}],"collection":[{"href":"https:\/\/botniacontent.fi\/index.php\/wp-json\/wp\/v2\/pages"}],"about":[{"href":"https:\/\/botniacontent.fi\/index.php\/wp-json\/wp\/v2\/types\/page"}],"author":[{"embeddable":true,"href":"https:\/\/botniacontent.fi\/index.php\/wp-json\/wp\/v2\/users\/1"}],"replies":[{"embeddable":true,"href":"https:\/\/botniacontent.fi\/index.php\/wp-json\/wp\/v2\/comments?post=97"}],"version-history":[{"count":1,"href":"https:\/\/botniacontent.fi\/index.php\/wp-json\/wp\/v2\/pages\/97\/revisions"}],"predecessor-version":[{"id":99,"href":"https:\/\/botniacontent.fi\/index.php\/wp-json\/wp\/v2\/pages\/97\/revisions\/99"}],"wp:attachment":[{"href":"https:\/\/botniacontent.fi\/index.php\/wp-json\/wp\/v2\/media?parent=97"}],"curies":[{"name":"wp","href":"https:\/\/api.w.org\/{rel}","templated":true}]}}