{"id":70,"date":"2026-03-15T18:17:24","date_gmt":"2026-03-15T18:17:24","guid":{"rendered":"https:\/\/botniacontent.fi\/?page_id=70"},"modified":"2026-03-15T19:56:41","modified_gmt":"2026-03-15T19:56:41","slug":"din-hemsida-ar-inte-ett-museum","status":"publish","type":"page","link":"https:\/\/botniacontent.fi\/index.php\/din-hemsida-ar-inte-ett-museum\/","title":{"rendered":"Din hemsida \u00e4r inte ett museum."},"content":{"rendered":"\n<div class=\"wp-block-group alignfull is-content-justification-center is-layout-constrained wp-block-group-is-layout-constrained\" style=\"margin-top:0;margin-bottom:0\">\n<div style=\"height:var(--wp--preset--spacing--20)\" aria-hidden=\"true\" class=\"wp-block-spacer\"><\/div>\n\n\n\n<div class=\"wp-block-group alignwide is-layout-constrained wp-block-group-is-layout-constrained\">\n<div class=\"wp-block-columns alignwide are-vertically-aligned-top is-layout-flex wp-container-core-columns-is-layout-5c8fb865 wp-block-columns-is-layout-flex\">\n<div class=\"wp-block-column is-vertically-aligned-top is-content-justification-left is-layout-constrained wp-container-core-column-is-layout-95996b15 wp-block-column-is-layout-constrained\">\n<h2 class=\"wp-block-heading\">L\u00f6pande inneh\u00e5ll \u00e4r din b\u00e4sta s\u00e4ljare<\/h2>\n<\/div>\n\n\n\n<div class=\"wp-block-column is-vertically-aligned-top is-layout-flow wp-block-column-is-layout-flow\" style=\"flex-basis:40%\">\n<p>M\u00e5nga f\u00f6retag bygger en dyr hemsida, lanserar den, och r\u00f6r den sedan aldrig igen. Men en statisk hemsida \u00e4r en osynlig hemsida. Om du vill att Google, AI-s\u00f6kmotorer och potentiella kunder ska ta dig p\u00e5 allvar, m\u00e5ste du visa att du \u00e4r aktiv. L\u00f6sningen? L\u00f6pande, h\u00f6gkvalitativt inneh\u00e5ll.<\/p>\n\n\n\n<div class=\"wp-block-buttons is-layout-flex wp-block-buttons-is-layout-flex\">\n<div class=\"wp-block-button\"><a class=\"wp-block-button__link wp-element-button\" href=\"https:\/\/botniacontent.fi\/index.php\/lat-oss-prata-affarer\/\">L\u00e5t oss hj\u00e4lpa dig<\/a><\/div>\n<\/div>\n<\/div>\n<\/div>\n\n\n\n<div style=\"height:var(--wp--preset--spacing--20)\" aria-hidden=\"true\" class=\"wp-block-spacer\"><\/div>\n\n\n\n<figure class=\"wp-block-image size-large\"><img loading=\"lazy\" decoding=\"async\" width=\"1024\" height=\"559\" src=\"https:\/\/botniacontent.fi\/wp-content\/uploads\/2026\/03\/SEO-byggstenar-1024x559.png\" alt=\"seo byggstenar\" class=\"wp-image-72\" style=\"aspect-ratio:16\/9;object-fit:cover\" title=\"Din hemsida \u00e4r inte ett museum.\" srcset=\"https:\/\/botniacontent.fi\/wp-content\/uploads\/2026\/03\/SEO-byggstenar-1024x559.png 1024w, https:\/\/botniacontent.fi\/wp-content\/uploads\/2026\/03\/SEO-byggstenar-300x164.png 300w, https:\/\/botniacontent.fi\/wp-content\/uploads\/2026\/03\/SEO-byggstenar-768x419.png 768w, https:\/\/botniacontent.fi\/wp-content\/uploads\/2026\/03\/SEO-byggstenar-1536x838.png 1536w, https:\/\/botniacontent.fi\/wp-content\/uploads\/2026\/03\/SEO-byggstenar-2048x1117.png 2048w\" sizes=\"auto, (max-width: 1024px) 100vw, 1024px\" \/><\/figure>\n<\/div>\n\n\n\n<div style=\"height:var(--wp--preset--spacing--20)\" aria-hidden=\"true\" class=\"wp-block-spacer\"><\/div>\n<\/div>\n\n\n\n<h2 class=\"wp-block-heading has-text-align-center\" style=\"font-size:38px;line-height:1.4\"><strong>Varf\u00f6r \u00e4r l\u00f6pande inneh\u00e5ll s\u00e5 viktigt?<\/strong><\/h2>\n\n\n\n<div class=\"wp-block-columns is-layout-flex wp-container-core-columns-is-layout-28f84493 wp-block-columns-is-layout-flex\">\n<div class=\"wp-block-column is-layout-flow wp-block-column-is-layout-flow\">\n<p style=\"font-size:18px\">Ett av de vanligaste misstagen hantverkare, industrif\u00f6retag och B2B-akt\u00f6rer g\u00f6r \u00e4r att behandla sin webbplats som ett digitalt visitkort. Du skriver vad du g\u00f6r och var du finns, och hoppas att telefonen ska ringa. Men i dagens digitala landskap fungerar det inte s\u00e5.<\/p>\n\n\n\n<p style=\"font-size:18px\"><strong><em>4 strategiska artiklar i m\u00e5naden kan vara skillnaden mellan att bli hittad och att bli bortgl\u00f6md.<\/em><\/strong><\/p>\n<\/div>\n\n\n\n<div class=\"wp-block-column is-layout-flow wp-block-column-is-layout-flow\">\n<p>Algoritmerna hos Google och nya AI-s\u00f6kmotorer (som ChatGPT) letar st\u00e4ndigt efter det mest relevanta, aktuella och p\u00e5litliga svaret att ge sina anv\u00e4ndare.<\/p>\n\n\n\n<ol start=\"1\" class=\"wp-block-list\">\n<li><strong>S\u00f6kmotorer \u00e4lskar aktivitet:<\/strong>&nbsp;Om din senaste nyhet eller artikel publicerades f\u00f6r tre \u00e5r sedan, antar s\u00f6kmotorerna att din information \u00e4r utdaterad. Genom att regelbundet publicera nya guider och artiklar signalerar du att din verksamhet lever och frodas, vilket bel\u00f6nas med h\u00f6gre placeringar i s\u00f6kresultaten.<\/li>\n\n\n\n<li><strong>Du bygger f\u00f6rtroende innan f\u00f6rsta m\u00f6tet:<\/strong>&nbsp;F\u00f6rest\u00e4ll dig en kund som ska renovera badrummet eller k\u00f6pa in maskindelar. Innan de ber om en offert googlar de. Om de d\u00e5 hittar din expertguide om&nbsp;<em>&#8220;5 misstag du vill undvika vid badrumsrenovering&#8221;<\/em>&nbsp;eller&nbsp;<em>&#8220;S\u00e5 v\u00e4ljer du r\u00e4tt dimension p\u00e5 pl\u00e5ten&#8221;<\/em>, har du redan vunnit deras f\u00f6rtroende. Du \u00e4r inte l\u00e4ngre bara en s\u00e4ljare \u2013 du \u00e4r experten.<\/li>\n\n\n\n<li><strong>Fler &#8220;krokar&#8221; i vattnet:<\/strong>&nbsp;Varje ny artikel eller guide vi publicerar \u00e4r en ny m\u00f6jlighet att ranka p\u00e5 ett nytt s\u00f6kord. Ju mer relevant inneh\u00e5ll du har, desto bredare n\u00e4t kastar du ut f\u00f6r att f\u00e5nga upp lokala s\u00f6kningar.<\/li>\n<\/ol>\n<\/div>\n<\/div>\n\n\n\n<div class=\"wp-block-group alignfull has-text-color has-background is-layout-flow wp-block-group-is-layout-flow\" style=\"color:#000000;background-color:#ffffff\">\n<div style=\"height:64px\" aria-hidden=\"true\" class=\"wp-block-spacer\"><\/div>\n\n\n\n<p class=\"has-text-align-center has-small-font-size\" style=\"line-height:.9\"><strong>DITT N\u00c4STA STEG<\/strong><\/p>\n\n\n\n<h2 class=\"wp-block-heading has-text-align-center\" id=\"schedule-a-visit\" style=\"font-size:59px;line-height:1.15\"><strong>Be om en offert<\/strong><\/h2>\n\n\n\n<div class=\"wp-block-buttons is-horizontal is-content-justification-center is-layout-flex wp-container-core-buttons-is-layout-03627597 wp-block-buttons-is-layout-flex\">\n<div class=\"wp-block-button has-custom-width wp-block-button__width-50\"><a class=\"wp-block-button__link has-text-color has-background wp-element-button\" href=\"https:\/\/botniacontent.fi\/index.php\/lat-oss-prata-affarer\/\" style=\"border-radius:50px;color:#ffffff;background-color:#000000\">Kontakta oss<\/a><\/div>\n<\/div>\n\n\n\n<div style=\"height:64px\" aria-hidden=\"true\" class=\"wp-block-spacer\"><\/div>\n<\/div>\n\n\n\n<div class=\"wp-block-cover alignfull has-parallax\" style=\"min-height:457px;aspect-ratio:unset;\"><div class=\"wp-block-cover__image-background wp-image-77 has-parallax\" style=\"background-position:50% 50%;background-image:url(https:\/\/botniacontent.fi\/wp-content\/uploads\/2026\/03\/art-01.jpg)\"><\/div><span aria-hidden=\"true\" class=\"wp-block-cover__background has-background-dim-40 has-background-dim\" style=\"background-color:#000000\"><\/span><div class=\"wp-block-cover__inner-container is-layout-flow wp-block-cover-is-layout-flow\">\n<h2 class=\"wp-block-heading alignwide has-white-color has-text-color\" style=\"font-size:48px;line-height:1.2\"><strong><em>Hur <\/em>Botnia Content <em>hj\u00e4lper dig (utan att sl\u00f6sa din tid)<\/em><\/strong><\/h2>\n\n\n\n<div class=\"wp-block-columns alignwide is-layout-flex wp-container-core-columns-is-layout-28f84493 wp-block-columns-is-layout-flex\">\n<div class=\"wp-block-column is-layout-flow wp-block-column-is-layout-flow\" style=\"flex-basis:60%\">\n<p class=\"has-text-color\" style=\"color:#ffffff\">Vi vet att du driver f\u00f6retag och inte har tid att sitta och skriva blogginl\u00e4gg eller uppdatera sociala medier p\u00e5 kv\u00e4llarna. D\u00e4rf\u00f6r har vi skapat en tj\u00e4nst som \u00e4r helt sj\u00e4lvg\u00e5ende.<\/p>\n<\/div>\n\n\n\n<div class=\"wp-block-column is-layout-flow wp-block-column-is-layout-flow\"><\/div>\n<\/div>\n<\/div><\/div>\n\n\n\n<div class=\"wp-block-group alignfull has-background is-layout-flow wp-block-group-is-layout-flow\" style=\"background-color:#f2f0e9\">\n<div class=\"wp-block-columns alignwide is-layout-flex wp-container-core-columns-is-layout-28f84493 wp-block-columns-is-layout-flex\">\n<div class=\"wp-block-column is-layout-flow wp-block-column-is-layout-flow\">\n<div class=\"wp-block-uagb-advanced-heading uagb-block-9b89563f\"><h4 class=\"uagb-heading-text\">4 professionella texter i m\u00e5naden<\/h4><\/div>\n\n\n\n<p class=\"has-ast-global-color-8-color has-text-color has-link-color wp-elements-2e486f23c3cb0136585df660d2579645\">Vi producerar fyra v\u00e4lskrivna, branschrelevanta och AI-optimerade artiklar eller guider varje m\u00e5nad.<\/p>\n<\/div>\n\n\n\n<div class=\"wp-block-column is-layout-flow wp-block-column-is-layout-flow\">\n<div class=\"wp-block-uagb-advanced-heading uagb-block-9a90fc20\"><h4 class=\"uagb-heading-text\">Strategisk publicering och  spridning<\/h4><\/div>\n\n\n\n<p class=\"has-text-color has-extra-small-font-size\" style=\"color:#000000\">Inneh\u00e5llet \u00e4r anpassat f\u00f6r att publiceras p\u00e5 din hemsida f\u00f6r maximal SEO-effekt, men kan ocks\u00e5 brytas ner och anv\u00e4ndas i dina sociala medier (som LinkedIn eller Facebook) f\u00f6r att h\u00e5lla dina kanaler levande.<\/p>\n<\/div>\n\n\n\n<div class=\"wp-block-column is-layout-flow wp-block-column-is-layout-flow\">\n<div class=\"wp-block-uagb-advanced-heading uagb-block-382df1aa\"><h4 class=\"uagb-heading-text\">Enkelt och effektivt<\/h4><\/div>\n\n\n\n<p class=\"has-text-color has-extra-small-font-size\" style=\"color:#000000\">Vi g\u00f6r en kort intervju med dig, en g\u00e5ng i m\u00e5naden. Sen g\u00f6r vi resten. Fr\u00e5n research till f\u00e4rdig text formaterad med r\u00e4tt rubriker, strukturerad data och s\u00e4ljande uppmaningar.<\/p>\n<\/div>\n<\/div>\n<\/div>\n\n\n\n<div style=\"height:38px\" aria-hidden=\"true\" class=\"wp-block-spacer\"><\/div>\n\n\n\n<div class=\"wp-block-media-text is-stacked-on-mobile\"><figure class=\"wp-block-media-text__media\"><img loading=\"lazy\" decoding=\"async\" width=\"1024\" height=\"1024\" src=\"https:\/\/botniacontent.fi\/wp-content\/uploads\/2026\/03\/SEO-growth-square-1024x1024.png\" alt=\"seo growth square\" class=\"wp-image-73 size-full\" title=\"Din hemsida \u00e4r inte ett museum.\" srcset=\"https:\/\/botniacontent.fi\/wp-content\/uploads\/2026\/03\/SEO-growth-square-1024x1024.png 1024w, https:\/\/botniacontent.fi\/wp-content\/uploads\/2026\/03\/SEO-growth-square-300x300.png 300w, https:\/\/botniacontent.fi\/wp-content\/uploads\/2026\/03\/SEO-growth-square-150x150.png 150w, https:\/\/botniacontent.fi\/wp-content\/uploads\/2026\/03\/SEO-growth-square-768x768.png 768w, https:\/\/botniacontent.fi\/wp-content\/uploads\/2026\/03\/SEO-growth-square.png 1529w\" sizes=\"auto, (max-width: 1024px) 100vw, 1024px\" \/><\/figure><div class=\"wp-block-media-text__content\">\n<div class=\"wp-block-uagb-advanced-heading uagb-block-c86c7d56\"><h3 class=\"uagb-heading-text\">Varf\u00f6r det \u00e4r v\u00e4rt investeringen?<br>(Din ROI)<\/h3><\/div>\n\n\n\n<p class=\"has-ast-global-color-8-color has-text-color has-link-color wp-elements-2c031aff7a645217ea692ec1a6715072\">Att investera i l\u00f6pande inneh\u00e5ll \u00e4r som att anst\u00e4lla en s\u00e4ljare som jobbar dygnet runt, 365 dagar om \u00e5ret, och aldrig beg\u00e4r l\u00f6nef\u00f6rh\u00f6jning.<\/p>\n\n\n\n<ul class=\"wp-block-list\">\n<li class=\"has-ast-global-color-8-color has-text-color has-link-color wp-elements-558de758719af120bf0348a0696b97aa\"><strong>R\u00e4nta-p\u00e5-r\u00e4nta-effekten:<\/strong>&nbsp;Till skillnad fr\u00e5n en tidningsannons som slutar fungera sekunden kampanjen \u00e4r \u00f6ver, lever en SEO-optimerad artikel kvar. En guide vi skriver \u00e5t dig idag kan driva in trafik och f\u00f6rfr\u00e5gningar i flera \u00e5r fram\u00f6ver.<\/li>\n\n\n\n<li class=\"has-ast-global-color-8-color has-text-color has-link-color wp-elements-e7908436885b00c599933e4e85395679\"><strong>Du sparar v\u00e4rdefull tid:<\/strong>&nbsp;Vad \u00e4r din egen timl\u00f6n? Att f\u00f6rs\u00f6ka skriva engagerande och s\u00f6kordsoptimerade texter sj\u00e4lv tar timmar varje vecka. L\u00e5t oss g\u00f6ra det vi \u00e4r b\u00e4st p\u00e5, s\u00e5 kan du fokusera p\u00e5 att leda ditt f\u00f6retag.<\/li>\n\n\n\n<li class=\"has-ast-global-color-8-color has-text-color has-link-color wp-elements-3dec9c96984e3122e8bf9514d0f85b51\"><strong>H\u00f6gre konverteringsgrad:<\/strong>&nbsp;Kunder som har l\u00e4st dina guider och utbildats av ditt inneh\u00e5ll \u00e4r betydligt &#8220;varmare&#8221; och mer redo att k\u00f6pa n\u00e4r de v\u00e4l kontaktar dig.<\/li>\n<\/ul>\n\n\n\n<p class=\"has-ast-global-color-8-color has-text-color has-link-color wp-elements-34e4975ea46c1d23c659f4ea90272a6c\"><strong>G\u00f6r din hemsida till en maskin som driver aff\u00e4rer.<\/strong>&nbsp;Kontakta Botnia Content idag, s\u00e5 s\u00e4tter vi upp en inneh\u00e5llsplan som g\u00f6r dig till den lokala ledaren i din bransch.<\/p>\n<\/div><\/div>\n\n\n\n<div style=\"height:71px\" aria-hidden=\"true\" class=\"wp-block-spacer\"><\/div>\n\n\n\n<div class=\"wp-block-group alignfull has-background-color has-white-color has-black-background-color has-text-color has-background has-link-color wp-elements-69a0800a0faedfa69377e4bda7173d34 is-vertical is-content-justification-stretch is-layout-flex wp-container-core-group-is-layout-48a3dbfb wp-block-group-is-layout-flex\" style=\"min-height:40vh;margin-top:0;margin-bottom:0;padding-top:var(--wp--preset--spacing--60);padding-right:var(--wp--preset--spacing--40);padding-bottom:var(--wp--preset--spacing--60);padding-left:var(--wp--preset--spacing--40)\">\n<div class=\"wp-block-columns alignwide has-small-font-size is-layout-flex wp-container-core-columns-is-layout-28f84493 wp-block-columns-is-layout-flex\">\n<div class=\"wp-block-column is-layout-flow wp-block-column-is-layout-flow\">\n<p class=\"has-text-align-center\"><strong>Var finns vi?<\/strong><\/p>\n\n\n\n<p class=\"has-text-align-center\">Vi \u00e4r baserade i Vasa, <br>verksamma i Norden,<br>med r\u00f6tter i \u00d6sterbotten.<br><br><br>Botnia Content \u00e4r en del av<br>Isla Aduro \u00d6B<\/p>\n\n\n\n<div style=\"height:24px\" aria-hidden=\"true\" class=\"wp-block-spacer\"><\/div>\n<\/div>\n\n\n\n<div class=\"wp-block-column is-layout-flow wp-block-column-is-layout-flow\">\n<p class=\"has-text-align-center\"><strong>Sidor<\/strong><\/p>\n\n\n<nav class=\"has-small-font-size items-justified-center is-vertical no-wrap wp-block-navigation is-content-justification-center is-nowrap is-layout-flex wp-container-core-navigation-is-layout-34a3ecb2 wp-block-navigation-is-layout-flex\" aria-label=\"Navigation\"><ul class=\"wp-block-navigation__container has-small-font-size items-justified-center is-vertical no-wrap wp-block-navigation has-small-font-size\"><li class=\"has-small-font-size wp-block-navigation-item wp-block-navigation-link\"><a class=\"wp-block-navigation-item__content\"  href=\"https:\/\/botniacontent.fi\/index.php\/tjanster\/\"><span class=\"wp-block-navigation-item__label\">Hur vi kan hj\u00e4lpa er<\/span><\/a><\/li><li class=\"has-small-font-size wp-block-navigation-item wp-block-navigation-link\"><a class=\"wp-block-navigation-item__content\"  href=\"https:\/\/botniacontent.fi\/index.php\/lat-oss-prata-affarer\/\"><span class=\"wp-block-navigation-item__label\">L\u00e5t oss prata aff\u00e4rer<\/span><\/a><\/li><li class=\"has-small-font-size wp-block-navigation-item wp-block-navigation-link\"><a class=\"wp-block-navigation-item__content\"  href=\"https:\/\/botniacontent.fi\/index.php\/sluta-gissa-vad-dina-kunder-letar-efter\/\"><span class=\"wp-block-navigation-item__label\">Sluta gissa vad dina kunder letar efter<\/span><\/a><\/li><li class=\"has-small-font-size wp-block-navigation-item wp-block-navigation-link\"><a class=\"wp-block-navigation-item__content\"  href=\"https:\/\/botniacontent.fi\/index.php\/din-hemsida-ar-inte-ett-museum\/\"><span class=\"wp-block-navigation-item__label\">Din webbsida \u00e4r inget museum<\/span><\/a><\/li><\/ul><\/nav>\n\n\n<div style=\"height:24px\" aria-hidden=\"true\" class=\"wp-block-spacer\"><\/div>\n<\/div>\n\n\n\n<div class=\"wp-block-column is-layout-flow wp-block-column-is-layout-flow\">\n<p class=\"has-text-align-center\"><strong>Kontakta oss<\/strong><\/p>\n\n\n\n<div style=\"height:24px\" aria-hidden=\"true\" class=\"wp-block-spacer\"><\/div>\n\n\n\n<p class=\"has-text-align-center\"><a href=\"mailto:hej@botniacontent.fi\">hej@botniacontent.fi<\/a><\/p>\n<\/div>\n<\/div>\n\n\n\n<div class=\"wp-block-group alignwide is-content-justification-center is-layout-flex wp-container-core-group-is-layout-c124d1c4 wp-block-group-is-layout-flex\">\n<p class=\"has-text-align-center has-small-font-size\"> Proudly powered by <a rel=\"nofollow\" href=\"https:\/\/wordpress.org\">WordPress<\/a> <\/p>\n<\/div>\n<\/div>\n\n\n\n<p><\/p>\n","protected":false},"excerpt":{"rendered":"<p>L\u00f6pande inneh\u00e5ll \u00e4r din b\u00e4sta s\u00e4ljare M\u00e5nga f\u00f6retag bygger en dyr hemsida, lanserar den, och r\u00f6r den sedan aldrig igen. [&hellip;]<\/p>\n","protected":false},"author":1,"featured_media":0,"parent":0,"menu_order":0,"comment_status":"closed","ping_status":"closed","template":"","meta":{"_uag_custom_page_level_css":"","site-sidebar-layout":"default","site-content-layout":"","ast-site-content-layout":"default","site-content-style":"default","site-sidebar-style":"default","ast-global-header-display":"","ast-banner-title-visibility":"","ast-main-header-display":"","ast-hfb-above-header-display":"","ast-hfb-below-header-display":"","ast-hfb-mobile-header-display":"","site-post-title":"","ast-breadcrumbs-content":"","ast-featured-img":"","footer-sml-layout":"","ast-disable-related-posts":"","theme-transparent-header-meta":"","adv-header-id-meta":"","stick-header-meta":"","header-above-stick-meta":"","header-main-stick-meta":"","header-below-stick-meta":"","astra-migrate-meta-layouts":"default","ast-page-background-enabled":"default","ast-page-background-meta":{"desktop":{"background-color":"var(--ast-global-color-5)","background-image":"","background-repeat":"repeat","background-position":"center center","background-size":"auto","background-attachment":"scroll","background-type":"","background-media":"","overlay-type":"","overlay-color":"","overlay-opacity":"","overlay-gradient":""},"tablet":{"background-color":"","background-image":"","background-repeat":"repeat","background-position":"center center","background-size":"auto","background-attachment":"scroll","background-type":"","background-media":"","overlay-type":"","overlay-color":"","overlay-opacity":"","overlay-gradient":""},"mobile":{"background-color":"","background-image":"","background-repeat":"repeat","background-position":"center center","background-size":"auto","background-attachment":"scroll","background-type":"","background-media":"","overlay-type":"","overlay-color":"","overlay-opacity":"","overlay-gradient":""}},"ast-content-background-meta":{"desktop":{"background-color":"var(--ast-global-color-4)","background-image":"","background-repeat":"repeat","background-position":"center center","background-size":"auto","background-attachment":"scroll","background-type":"","background-media":"","overlay-type":"","overlay-color":"","overlay-opacity":"","overlay-gradient":""},"tablet":{"background-color":"var(--ast-global-color-4)","background-image":"","background-repeat":"repeat","background-position":"center center","background-size":"auto","background-attachment":"scroll","background-type":"","background-media":"","overlay-type":"","overlay-color":"","overlay-opacity":"","overlay-gradient":""},"mobile":{"background-color":"var(--ast-global-color-4)","background-image":"","background-repeat":"repeat","background-position":"center center","background-size":"auto","background-attachment":"scroll","background-type":"","background-media":"","overlay-type":"","overlay-color":"","overlay-opacity":"","overlay-gradient":""}},"footnotes":""},"class_list":["post-70","page","type-page","status-publish","hentry"],"uagb_featured_image_src":{"full":false,"thumbnail":false,"medium":false,"medium_large":false,"large":false,"1536x1536":false,"2048x2048":false},"uagb_author_info":{"display_name":"admin","author_link":"https:\/\/botniacontent.fi\/index.php\/author\/admin\/"},"uagb_comment_info":0,"uagb_excerpt":"L\u00f6pande inneh\u00e5ll \u00e4r din b\u00e4sta s\u00e4ljare M\u00e5nga f\u00f6retag bygger en dyr hemsida, lanserar den, och r\u00f6r den sedan aldrig igen. [&hellip;]","_links":{"self":[{"href":"https:\/\/botniacontent.fi\/index.php\/wp-json\/wp\/v2\/pages\/70","targetHints":{"allow":["GET"]}}],"collection":[{"href":"https:\/\/botniacontent.fi\/index.php\/wp-json\/wp\/v2\/pages"}],"about":[{"href":"https:\/\/botniacontent.fi\/index.php\/wp-json\/wp\/v2\/types\/page"}],"author":[{"embeddable":true,"href":"https:\/\/botniacontent.fi\/index.php\/wp-json\/wp\/v2\/users\/1"}],"replies":[{"embeddable":true,"href":"https:\/\/botniacontent.fi\/index.php\/wp-json\/wp\/v2\/comments?post=70"}],"version-history":[{"count":8,"href":"https:\/\/botniacontent.fi\/index.php\/wp-json\/wp\/v2\/pages\/70\/revisions"}],"predecessor-version":[{"id":91,"href":"https:\/\/botniacontent.fi\/index.php\/wp-json\/wp\/v2\/pages\/70\/revisions\/91"}],"wp:attachment":[{"href":"https:\/\/botniacontent.fi\/index.php\/wp-json\/wp\/v2\/media?parent=70"}],"curies":[{"name":"wp","href":"https:\/\/api.w.org\/{rel}","templated":true}]}}