{"id":48,"date":"2026-03-15T14:41:57","date_gmt":"2026-03-15T14:41:57","guid":{"rendered":"https:\/\/botniacontent.fi\/?page_id=48"},"modified":"2026-03-15T20:42:48","modified_gmt":"2026-03-15T20:42:48","slug":"sluta-gissa-vad-dina-kunder-letar-efter","status":"publish","type":"page","link":"https:\/\/botniacontent.fi\/index.php\/sluta-gissa-vad-dina-kunder-letar-efter\/","title":{"rendered":"Sluta gissa vad dina kunder letar efter"},"content":{"rendered":"\n<div class=\"wp-block-group alignfull is-content-justification-center is-layout-constrained wp-container-core-group-is-layout-907e8d33 wp-block-group-is-layout-constrained\" style=\"margin-top:0;margin-bottom:0\">\n<div style=\"height:var(--wp--preset--spacing--20)\" aria-hidden=\"true\" class=\"wp-block-spacer\"><\/div>\n\n\n\n<div class=\"wp-block-group alignwide is-layout-flow wp-block-group-is-layout-flow\">\n<div class=\"wp-block-columns alignwide are-vertically-aligned-top is-layout-flex wp-container-core-columns-is-layout-5c8fb865 wp-block-columns-is-layout-flex\">\n<div class=\"wp-block-column is-vertically-aligned-top is-content-justification-left is-layout-constrained wp-container-core-column-is-layout-95996b15 wp-block-column-is-layout-constrained\">\n<h2 class=\"wp-block-heading\">D\u00e4rf\u00f6r \u00e4r lokal s\u00f6kordsanalys grunden f\u00f6r fler aff\u00e4rer<\/h2>\n<\/div>\n\n\n\n<div class=\"wp-block-column is-vertically-aligned-top is-layout-flow wp-block-column-is-layout-flow\" style=\"flex-basis:40%\">\n<p>Du vet att du erbjuder den b\u00e4sta tj\u00e4nsten i stan. Problemet \u00e4r att kunden som just nu sitter med mobilen och beh\u00f6ver din hj\u00e4lp inte vet det. F\u00f6r att de ska hitta dig, ist\u00e4llet f\u00f6r din konkurrent, m\u00e5ste du tala samma spr\u00e5k som deras s\u00f6kf\u00e4lt.<\/p>\n\n\n\n<div class=\"wp-block-buttons is-layout-flex wp-block-buttons-is-layout-flex\">\n<div class=\"wp-block-button\"><a class=\"wp-block-button__link wp-element-button\" href=\"https:\/\/botniacontent.fi\/index.php\/lat-oss-prata-affarer\/\">Kontakta oss<\/a><\/div>\n<\/div>\n<\/div>\n<\/div>\n\n\n\n<div style=\"height:var(--wp--preset--spacing--20)\" aria-hidden=\"true\" class=\"wp-block-spacer\"><\/div>\n\n\n\n<figure class=\"wp-block-image size-large\"><img loading=\"lazy\" decoding=\"async\" width=\"1024\" height=\"559\" src=\"http:\/\/botniacontent.fi\/wp-content\/uploads\/2026\/03\/seo-in-the-wild-1024x559.png\" alt=\"seo in the wild\" class=\"wp-image-50\" style=\"aspect-ratio:16\/9;object-fit:cover\" title=\"Sluta gissa vad dina kunder letar efter\" srcset=\"https:\/\/botniacontent.fi\/wp-content\/uploads\/2026\/03\/seo-in-the-wild-1024x559.png 1024w, https:\/\/botniacontent.fi\/wp-content\/uploads\/2026\/03\/seo-in-the-wild-300x164.png 300w, https:\/\/botniacontent.fi\/wp-content\/uploads\/2026\/03\/seo-in-the-wild-768x419.png 768w, https:\/\/botniacontent.fi\/wp-content\/uploads\/2026\/03\/seo-in-the-wild-1536x838.png 1536w, https:\/\/botniacontent.fi\/wp-content\/uploads\/2026\/03\/seo-in-the-wild-2048x1117.png 2048w\" sizes=\"auto, (max-width: 1024px) 100vw, 1024px\" \/><\/figure>\n<\/div>\n\n\n\n<div style=\"height:var(--wp--preset--spacing--20)\" aria-hidden=\"true\" class=\"wp-block-spacer\"><\/div>\n<\/div>\n\n\n\n<h2 class=\"wp-block-heading has-text-align-center\" style=\"font-size:38px;line-height:1.4\"><strong>L\u00e5t data styra din marknadsf\u00f6ring<\/strong><\/h2>\n\n\n\n<div class=\"wp-block-columns is-layout-flex wp-container-core-columns-is-layout-28f84493 wp-block-columns-is-layout-flex\">\n<div class=\"wp-block-column is-layout-flow wp-block-column-is-layout-flow\">\n<p style=\"font-size:18px\">M\u00e5nga lokala f\u00f6retag, fr\u00e5n byggfirmor i \u00d6sterbotten till redovisningsbyr\u00e5er i Ume\u00e5, l\u00e4gger tusentals euro p\u00e5 snygga hemsidor. Men de missar det absolut viktigaste: att ta reda p\u00e5&nbsp;<em>exakt<\/em>&nbsp;vilka ord och fr\u00e5gor deras potentiella kunder faktiskt skriver in i Google eller st\u00e4ller till AI-assistenter.<\/p>\n\n\n\n<p style=\"font-size:18px\"><strong>Professionell s\u00f6kordsanalys \u00e4r den mest l\u00f6nsamma investering du kan g\u00f6ra f\u00f6r din digitala n\u00e4rvaro.<\/strong><\/p>\n<\/div>\n\n\n\n<div class=\"wp-block-column is-layout-flow wp-block-column-is-layout-flow\">\n<h3 class=\"wp-block-heading\" style=\"font-size:18px\"><strong>Varf\u00f6r \u00e4r s\u00f6kordsanalys livsviktigt f\u00f6r lokala f\u00f6retag?<\/strong><\/h3>\n\n\n\n<p>N\u00e4r en potentiell kund beh\u00f6ver hj\u00e4lp s\u00f6ker de s\u00e4llan p\u00e5 ditt f\u00f6retagsnamn \u2013 de s\u00f6ker p\u00e5 sitt problem.<\/p>\n\n\n\n<p>L\u00e5t oss s\u00e4ga att du driver en takfirma. Du kanske optimerar din hemsida f\u00f6r ordet &#8220;Takl\u00e4ggare&#8221;. Det \u00e4r logiskt, men konkurrensen \u00e4r stenh\u00e5rd och ordet \u00e4r v\u00e4ldigt brett. En ordentlig s\u00f6kordsanalys kanske ist\u00e4llet visar att hundratals personer i din region varje m\u00e5nad s\u00f6ker p\u00e5&nbsp;<strong>&#8220;Takbyte pris \u00d6sterbotten&#8221;<\/strong>&nbsp;eller&nbsp;<strong>&#8220;L\u00e4ckande pl\u00e5ttak akut Vasa&#8221;<\/strong>.<\/p>\n\n\n\n<p style=\"font-size:18px\">Om din hemsida saknar dessa exakta fraser och inte besvarar dessa fr\u00e5gor, syns du inte. D\u00e5 g\u00e5r jobbet \u2013 och int\u00e4kterna \u2013 direkt till konkurrenten som var smart nog att svara p\u00e5 kundens faktiska fr\u00e5ga. S\u00f6kordsanalys handlar helt enkelt om att sluta gissa och ist\u00e4llet l\u00e5ta data styra din marknadsf\u00f6ring.<\/p>\n<\/div>\n<\/div>\n\n\n\n<div class=\"wp-block-group alignfull has-text-color has-background is-layout-flow wp-block-group-is-layout-flow\" style=\"color:#000000;background-color:#ffffff\">\n<div style=\"height:64px\" aria-hidden=\"true\" class=\"wp-block-spacer\"><\/div>\n\n\n\n<p class=\"has-text-align-center has-small-font-size\" style=\"line-height:.9\"><strong>DITT N\u00c4STA STEG<\/strong><\/p>\n\n\n\n<h2 class=\"wp-block-heading has-text-align-center\" id=\"schedule-a-visit\" style=\"font-size:59px;line-height:1.15\"><strong>Be om en offert<\/strong><\/h2>\n\n\n\n<div class=\"wp-block-buttons is-horizontal is-content-justification-center is-layout-flex wp-container-core-buttons-is-layout-03627597 wp-block-buttons-is-layout-flex\">\n<div class=\"wp-block-button has-custom-width wp-block-button__width-50\"><a class=\"wp-block-button__link has-text-color has-background wp-element-button\" href=\"https:\/\/botniacontent.fi\/index.php\/lat-oss-prata-affarer\/\" style=\"border-radius:50px;color:#ffffff;background-color:#000000\">Kontakta oss<\/a><\/div>\n<\/div>\n\n\n\n<div style=\"height:64px\" aria-hidden=\"true\" class=\"wp-block-spacer\"><\/div>\n<\/div>\n\n\n\n<div class=\"wp-block-cover alignfull has-parallax\" style=\"min-height:457px;aspect-ratio:unset;\"><div class=\"wp-block-cover__image-background has-parallax\" style=\"background-position:50% 50%;background-image:url(https:\/\/s.w.org\/images\/core\/5.8\/art-01.jpg)\"><\/div><span aria-hidden=\"true\" class=\"wp-block-cover__background has-background-dim-40 has-background-dim\" style=\"background-color:#000000\"><\/span><div class=\"wp-block-cover__inner-container is-layout-flow wp-block-cover-is-layout-flow\">\n<h2 class=\"wp-block-heading alignwide has-white-color has-text-color\" style=\"font-size:48px;line-height:1.2\"><strong><em>Hur <\/em>Botnia Content <em>hj\u00e4lper dig (och hur vi jobbar)<\/em><\/strong><\/h2>\n\n\n\n<div class=\"wp-block-columns alignwide is-layout-flex wp-container-core-columns-is-layout-28f84493 wp-block-columns-is-layout-flex\">\n<div class=\"wp-block-column is-layout-flow wp-block-column-is-layout-flow\" style=\"flex-basis:60%\">\n<p class=\"has-text-color\" style=\"color:#ffffff\">Vi <strong>g\u00f6r inte antaganden<\/strong> om din bransch, vi tar reda p\u00e5 fakta. N\u00e4r vi g\u00f6r en <strong>s\u00f6kordsanalys <\/strong>f\u00f6r ditt f\u00f6retag g\u00e5r vi igenom tre konkreta steg.<\/p>\n<\/div>\n\n\n\n<div class=\"wp-block-column is-layout-flow wp-block-column-is-layout-flow\"><\/div>\n<\/div>\n<\/div><\/div>\n\n\n\n<div class=\"wp-block-group alignfull has-background is-layout-flow wp-block-group-is-layout-flow\" style=\"background-color:#f2f0e9\">\n<div class=\"wp-block-columns alignwide is-layout-flex wp-container-core-columns-is-layout-28f84493 wp-block-columns-is-layout-flex\">\n<div class=\"wp-block-column is-layout-flow wp-block-column-is-layout-flow\">\n<div class=\"wp-block-uagb-advanced-heading uagb-block-9b89563f\"><h4 class=\"uagb-heading-text\">Vi kartl\u00e4gger den lokala efterfr\u00e5gan<\/h4><\/div>\n\n\n\n<p class=\"has-ast-global-color-8-color has-text-color has-link-color wp-elements-7b6f10a82428e8ba26f1f89ba74ef2fb\">Med hj\u00e4lp av AI-st\u00f6dda analysverktyg dammsuger vi n\u00e4tet p\u00e5 s\u00f6kdata f\u00f6r din region. Vi hittar exakt vilka fraser, problem och tj\u00e4nster dina lokala kunder googlar efter.<\/p>\n<\/div>\n\n\n\n<div class=\"wp-block-column is-layout-flow wp-block-column-is-layout-flow\">\n<div class=\"wp-block-uagb-advanced-heading uagb-block-9a90fc20\"><h4 class=\"uagb-heading-text\">Vi hittar &#8220;l\u00e5gt h\u00e4ngande frukt&#8221;<\/h4><\/div>\n\n\n\n<p class=\"has-text-color has-extra-small-font-size\" style=\"color:#000000\">Vi letar inte bara efter de vanligaste orden, utan de mest&nbsp;<em>l\u00f6nsamma<\/em>. Vi identifierar s\u00f6kningar d\u00e4r konkurrensen \u00e4r l\u00e5g men k\u00f6pviljan \u00e4r h\u00f6g (s\u00e5 kallade &#8220;long-tail nyckelord&#8221;).<\/p>\n<\/div>\n\n\n\n<div class=\"wp-block-column is-layout-flow wp-block-column-is-layout-flow\">\n<div class=\"wp-block-uagb-advanced-heading uagb-block-382df1aa\"><h4 class=\"uagb-heading-text\">Vi skapar en handlingsplan f\u00f6r AI och Google<\/h4><\/div>\n\n\n\n<p class=\"has-text-color has-extra-small-font-size\" style=\"color:#000000\">Vi bygger en konkret plan f\u00f6r vilket inneh\u00e5ll (vilka texter, guider och Fr\u00e5gor &amp; Svar) din hemsida beh\u00f6ver f\u00f6r att ranka h\u00f6gre p\u00e5 Google och bli rekommenderad av smarta AI-s\u00f6kmotorer.<\/p>\n<\/div>\n<\/div>\n\n\n\n<div style=\"height:40px\" aria-hidden=\"true\" class=\"wp-block-spacer\"><\/div>\n<\/div>\n\n\n\n<div class=\"wp-block-media-text is-stacked-on-mobile\"><figure class=\"wp-block-media-text__media\"><img loading=\"lazy\" decoding=\"async\" width=\"836\" height=\"1024\" src=\"https:\/\/botniacontent.fi\/wp-content\/uploads\/2026\/03\/SEO-pole-836x1024.png\" alt=\"seo pole\" class=\"wp-image-52 size-full\" title=\"Sluta gissa vad dina kunder letar efter\" srcset=\"https:\/\/botniacontent.fi\/wp-content\/uploads\/2026\/03\/SEO-pole-836x1024.png 836w, https:\/\/botniacontent.fi\/wp-content\/uploads\/2026\/03\/SEO-pole-245x300.png 245w, https:\/\/botniacontent.fi\/wp-content\/uploads\/2026\/03\/SEO-pole-768x941.png 768w, https:\/\/botniacontent.fi\/wp-content\/uploads\/2026\/03\/SEO-pole.png 1250w\" sizes=\"auto, (max-width: 836px) 100vw, 836px\" \/><\/figure><div class=\"wp-block-media-text__content\">\n<div class=\"wp-block-uagb-advanced-heading uagb-block-c86c7d56\"><h3 class=\"uagb-heading-text\">Varf\u00f6r det \u00e4r v\u00e4rt investeringen?<br>(Din ROI)<\/h3><\/div>\n\n\n\n<p class=\"has-ast-global-color-8-color has-text-color has-link-color wp-elements-cd6169b62fe9b986f9a25abfef9695f4\">Att betala f\u00f6r en s\u00f6kordsanalys och professionellt SEO-inneh\u00e5ll \u00e4r inte en kostnad, det \u00e4r en investering i digital fastighet.<\/p>\n\n\n\n<ul class=\"wp-block-list\">\n<li class=\"has-ast-global-color-8-color has-text-color has-link-color wp-elements-d5dc2188eca129c78acaa3db2ec63c0c\"><strong>Du slutar br\u00e4nna pengar p\u00e5 fel annonser:<\/strong>&nbsp;Ist\u00e4llet f\u00f6r att betala dyrt f\u00f6r breda, ineffektiva annonser som inte ger resultat, bygger du en hemsida som drar in gratis, organisk trafik m\u00e5nad efter m\u00e5nad.<\/li>\n\n\n\n<li class=\"has-ast-global-color-8-color has-text-color has-link-color wp-elements-bcf37b13ba2c05369bd873b6a2436240\"><strong>Du f\u00e5ngar kunden n\u00e4r de \u00e4r redo att k\u00f6pa:<\/strong>&nbsp;De som s\u00f6ker p\u00e5 &#8220;Pris f\u00f6r att renovera badrum&#8221; letar inte efter inspiration \u2013 de letar efter n\u00e5gon att anlita.<\/li>\n\n\n\n<li class=\"has-ast-global-color-8-color has-text-color has-link-color wp-elements-bda4bb2f80c492696c98a353eca0c5d2\"><strong>Matematiken \u00e4r enkel:<\/strong>&nbsp;Vad \u00e4r snittv\u00e4rdet p\u00e5 en ny kund f\u00f6r dig? Om v\u00e5r analys och v\u00e5rt inneh\u00e5ll hj\u00e4lper dig att st\u00e4nga bara&nbsp;<em>ett<\/em>&nbsp;enda extra takbyte, VVS-jobb eller konsultuppdrag, har tj\u00e4nsten betalat sig sj\u00e4lvt flera g\u00e5nger om.<\/li>\n<\/ul>\n\n\n\n<p class=\"has-ast-global-color-8-color has-text-color has-link-color wp-elements-3e40f32680a3793e2944b0581914b249\"><strong>L\u00e5t inte konkurrenterna sno dina lokala kunder.<\/strong>&nbsp;Kontakta oss p\u00e5 Botnia Content idag f\u00f6r en kostnadsfri analys av hur din bransch s\u00f6ker online. Vi bygger inneh\u00e5llet. Du bygger aff\u00e4rerna.<\/p>\n<\/div><\/div>\n\n\n\n<div class=\"wp-block-group alignfull has-background-color has-white-color has-black-background-color has-text-color has-background has-link-color wp-elements-e58e463b378dee95a2db70cb182904e6 is-vertical is-content-justification-stretch is-layout-flex wp-container-core-group-is-layout-48a3dbfb wp-block-group-is-layout-flex\" style=\"min-height:40vh;margin-top:0;margin-bottom:0;padding-top:var(--wp--preset--spacing--60);padding-right:var(--wp--preset--spacing--40);padding-bottom:var(--wp--preset--spacing--60);padding-left:var(--wp--preset--spacing--40)\">\n<div class=\"wp-block-columns alignwide has-small-font-size is-layout-flex wp-container-core-columns-is-layout-28f84493 wp-block-columns-is-layout-flex\">\n<div class=\"wp-block-column is-layout-flow wp-block-column-is-layout-flow\">\n<p class=\"has-text-align-center\"><strong>Var finns vi?<\/strong><\/p>\n\n\n\n<p class=\"has-text-align-center\">Vi \u00e4r baserade i Vasa, <br>verksamma i Norden,<br>med r\u00f6tter i \u00d6sterbotten.<\/p>\n\n\n\n<div style=\"height:24px\" aria-hidden=\"true\" class=\"wp-block-spacer\"><\/div>\n<\/div>\n\n\n\n<div class=\"wp-block-column is-layout-flow wp-block-column-is-layout-flow\">\n<p class=\"has-text-align-center\"><strong>Sidor<\/strong><\/p>\n\n\n<nav class=\"has-small-font-size items-justified-center is-vertical no-wrap wp-block-navigation is-content-justification-center is-nowrap is-layout-flex wp-container-core-navigation-is-layout-34a3ecb2 wp-block-navigation-is-layout-flex\" aria-label=\"Navigation\"><ul class=\"wp-block-navigation__container has-small-font-size items-justified-center is-vertical no-wrap wp-block-navigation has-small-font-size\"><li class=\"has-small-font-size wp-block-navigation-item wp-block-navigation-link\"><a class=\"wp-block-navigation-item__content\"  href=\"https:\/\/botniacontent.fi\/index.php\/tjanster\/\"><span class=\"wp-block-navigation-item__label\">Hur vi kan hj\u00e4lpa er<\/span><\/a><\/li><li class=\"has-small-font-size wp-block-navigation-item wp-block-navigation-link\"><a class=\"wp-block-navigation-item__content\"  href=\"https:\/\/botniacontent.fi\/index.php\/lat-oss-prata-affarer\/\"><span class=\"wp-block-navigation-item__label\">L\u00e5t oss prata aff\u00e4rer<\/span><\/a><\/li><li class=\"has-small-font-size wp-block-navigation-item wp-block-navigation-link\"><a class=\"wp-block-navigation-item__content\"  href=\"https:\/\/botniacontent.fi\/index.php\/sluta-gissa-vad-dina-kunder-letar-efter\/\"><span class=\"wp-block-navigation-item__label\">Sluta gissa vad dina kunder letar efter<\/span><\/a><\/li><li class=\"has-small-font-size wp-block-navigation-item wp-block-navigation-link\"><a class=\"wp-block-navigation-item__content\"  href=\"https:\/\/botniacontent.fi\/index.php\/din-hemsida-ar-inte-ett-museum\/\"><span class=\"wp-block-navigation-item__label\">Din webbsida \u00e4r inget museum<\/span><\/a><\/li><\/ul><\/nav>\n\n\n<div style=\"height:24px\" aria-hidden=\"true\" class=\"wp-block-spacer\"><\/div>\n<\/div>\n\n\n\n<div class=\"wp-block-column is-layout-flow wp-block-column-is-layout-flow\">\n<p class=\"has-text-align-center\"><strong>Kontakta oss<\/strong><\/p>\n\n\n\n<div style=\"height:24px\" aria-hidden=\"true\" class=\"wp-block-spacer\"><\/div>\n\n\n\n<p class=\"has-text-align-center\"><a href=\"mailto:hej@botniacontent.fi\">hej@botniacontent.fi<\/a><\/p>\n<\/div>\n<\/div>\n\n\n\n<div class=\"wp-block-group alignwide is-content-justification-center is-layout-flex wp-container-core-group-is-layout-c124d1c4 wp-block-group-is-layout-flex\">\n<p class=\"has-text-align-center has-small-font-size\"> Proudly powered by <a rel=\"nofollow\" href=\"https:\/\/wordpress.org\">WordPress<\/a> <\/p>\n<\/div>\n<\/div>\n","protected":false},"excerpt":{"rendered":"<p>D\u00e4rf\u00f6r \u00e4r lokal s\u00f6kordsanalys grunden f\u00f6r fler aff\u00e4rer Du vet att du erbjuder den b\u00e4sta tj\u00e4nsten i stan. Problemet \u00e4r [&hellip;]<\/p>\n","protected":false},"author":1,"featured_media":0,"parent":0,"menu_order":0,"comment_status":"closed","ping_status":"closed","template":"","meta":{"_uag_custom_page_level_css":"","site-sidebar-layout":"default","site-content-layout":"","ast-site-content-layout":"default","site-content-style":"default","site-sidebar-style":"default","ast-global-header-display":"","ast-banner-title-visibility":"","ast-main-header-display":"","ast-hfb-above-header-display":"","ast-hfb-below-header-display":"","ast-hfb-mobile-header-display":"","site-post-title":"","ast-breadcrumbs-content":"","ast-featured-img":"","footer-sml-layout":"","ast-disable-related-posts":"","theme-transparent-header-meta":"","adv-header-id-meta":"","stick-header-meta":"","header-above-stick-meta":"","header-main-stick-meta":"","header-below-stick-meta":"","astra-migrate-meta-layouts":"default","ast-page-background-enabled":"default","ast-page-background-meta":{"desktop":{"background-color":"var(--ast-global-color-5)","background-image":"","background-repeat":"repeat","background-position":"center center","background-size":"auto","background-attachment":"scroll","background-type":"","background-media":"","overlay-type":"","overlay-color":"","overlay-opacity":"","overlay-gradient":""},"tablet":{"background-color":"","background-image":"","background-repeat":"repeat","background-position":"center center","background-size":"auto","background-attachment":"scroll","background-type":"","background-media":"","overlay-type":"","overlay-color":"","overlay-opacity":"","overlay-gradient":""},"mobile":{"background-color":"","background-image":"","background-repeat":"repeat","background-position":"center center","background-size":"auto","background-attachment":"scroll","background-type":"","background-media":"","overlay-type":"","overlay-color":"","overlay-opacity":"","overlay-gradient":""}},"ast-content-background-meta":{"desktop":{"background-color":"var(--ast-global-color-4)","background-image":"","background-repeat":"repeat","background-position":"center center","background-size":"auto","background-attachment":"scroll","background-type":"","background-media":"","overlay-type":"","overlay-color":"","overlay-opacity":"","overlay-gradient":""},"tablet":{"background-color":"var(--ast-global-color-4)","background-image":"","background-repeat":"repeat","background-position":"center center","background-size":"auto","background-attachment":"scroll","background-type":"","background-media":"","overlay-type":"","overlay-color":"","overlay-opacity":"","overlay-gradient":""},"mobile":{"background-color":"var(--ast-global-color-4)","background-image":"","background-repeat":"repeat","background-position":"center center","background-size":"auto","background-attachment":"scroll","background-type":"","background-media":"","overlay-type":"","overlay-color":"","overlay-opacity":"","overlay-gradient":""}},"footnotes":""},"class_list":["post-48","page","type-page","status-publish","hentry"],"uagb_featured_image_src":{"full":false,"thumbnail":false,"medium":false,"medium_large":false,"large":false,"1536x1536":false,"2048x2048":false},"uagb_author_info":{"display_name":"admin","author_link":"https:\/\/botniacontent.fi\/index.php\/author\/admin\/"},"uagb_comment_info":0,"uagb_excerpt":"D\u00e4rf\u00f6r \u00e4r lokal s\u00f6kordsanalys grunden f\u00f6r fler aff\u00e4rer Du vet att du erbjuder den b\u00e4sta tj\u00e4nsten i stan. Problemet \u00e4r [&hellip;]","_links":{"self":[{"href":"https:\/\/botniacontent.fi\/index.php\/wp-json\/wp\/v2\/pages\/48","targetHints":{"allow":["GET"]}}],"collection":[{"href":"https:\/\/botniacontent.fi\/index.php\/wp-json\/wp\/v2\/pages"}],"about":[{"href":"https:\/\/botniacontent.fi\/index.php\/wp-json\/wp\/v2\/types\/page"}],"author":[{"embeddable":true,"href":"https:\/\/botniacontent.fi\/index.php\/wp-json\/wp\/v2\/users\/1"}],"replies":[{"embeddable":true,"href":"https:\/\/botniacontent.fi\/index.php\/wp-json\/wp\/v2\/comments?post=48"}],"version-history":[{"count":7,"href":"https:\/\/botniacontent.fi\/index.php\/wp-json\/wp\/v2\/pages\/48\/revisions"}],"predecessor-version":[{"id":93,"href":"https:\/\/botniacontent.fi\/index.php\/wp-json\/wp\/v2\/pages\/48\/revisions\/93"}],"wp:attachment":[{"href":"https:\/\/botniacontent.fi\/index.php\/wp-json\/wp\/v2\/media?parent=48"}],"curies":[{"name":"wp","href":"https:\/\/api.w.org\/{rel}","templated":true}]}}